{"id":2718,"date":"2025-02-28T15:58:47","date_gmt":"2025-02-28T07:58:47","guid":{"rendered":"https:\/\/beiliton.com\/?post_type=product&#038;p=2718"},"modified":"2025-02-28T15:59:32","modified_gmt":"2025-02-28T07:59:32","slug":"2718","status":"publish","type":"product","link":"https:\/\/www.beiliton.com\/tr\/product\/2718\/","title":{"rendered":"\u00d6zel kabarc\u0131k \u00e7ay d\u00fckkan\u0131 \u00e7\u00f6z\u00fcm\u00fc"},"content":{"rendered":"<p>Offering custom equipment packages for your bubble tea shop. Simply provide your shop dimensions, and we\u2019ll create a tailored equipment plan to maximize space and efficiency.<\/p>\n<p>From brewing machines to refrigeration and display units, we ensure you have everything you need for smooth operations and a high-quality customer experience<\/p>\n<p><img loading=\"lazy\" decoding=\"async\" class=\"alignnone size-full wp-image-2736\" src=\"https:\/\/beiliton.com\/wp-content\/uploads\/2025\/02\/\u672a\u6807\u9898-1_04-2.jpg\" alt=\"\" width=\"750\" height=\"936\" srcset=\"https:\/\/www.beiliton.com\/wp-content\/uploads\/2025\/02\/\u672a\u6807\u9898-1_04-2.jpg 750w, https:\/\/www.beiliton.com\/wp-content\/uploads\/2025\/02\/\u672a\u6807\u9898-1_04-2-240x300.jpg 240w, https:\/\/www.beiliton.com\/wp-content\/uploads\/2025\/02\/\u672a\u6807\u9898-1_04-2-10x12.jpg 10w, https:\/\/www.beiliton.com\/wp-content\/uploads\/2025\/02\/\u672a\u6807\u9898-1_04-2-600x749.jpg 600w\" sizes=\"auto, (max-width: 750px) 100vw, 750px\" \/><\/p>\n<p><img loading=\"lazy\" decoding=\"async\" class=\"alignnone wp-image-2737\" src=\"https:\/\/beiliton.com\/wp-content\/uploads\/2025\/02\/1-12.jpg\" alt=\"\" width=\"750\" height=\"750\" srcset=\"https:\/\/www.beiliton.com\/wp-content\/uploads\/2025\/02\/1-12.jpg 1000w, https:\/\/www.beiliton.com\/wp-content\/uploads\/2025\/02\/1-12-300x300.jpg 300w, https:\/\/www.beiliton.com\/wp-content\/uploads\/2025\/02\/1-12-150x150.jpg 150w, https:\/\/www.beiliton.com\/wp-content\/uploads\/2025\/02\/1-12-768x768.jpg 768w, https:\/\/www.beiliton.com\/wp-content\/uploads\/2025\/02\/1-12-12x12.jpg 12w, https:\/\/www.beiliton.com\/wp-content\/uploads\/2025\/02\/1-12-600x600.jpg 600w, https:\/\/www.beiliton.com\/wp-content\/uploads\/2025\/02\/1-12-100x100.jpg 100w\" sizes=\"auto, (max-width: 750px) 100vw, 750px\" \/> <img loading=\"lazy\" decoding=\"async\" class=\"alignnone wp-image-2738\" src=\"https:\/\/beiliton.com\/wp-content\/uploads\/2025\/02\/2-15.jpg\" alt=\"\" width=\"750\" height=\"750\" srcset=\"https:\/\/www.beiliton.com\/wp-content\/uploads\/2025\/02\/2-15.jpg 1000w, https:\/\/www.beiliton.com\/wp-content\/uploads\/2025\/02\/2-15-300x300.jpg 300w, https:\/\/www.beiliton.com\/wp-content\/uploads\/2025\/02\/2-15-150x150.jpg 150w, https:\/\/www.beiliton.com\/wp-content\/uploads\/2025\/02\/2-15-768x768.jpg 768w, https:\/\/www.beiliton.com\/wp-content\/uploads\/2025\/02\/2-15-12x12.jpg 12w, https:\/\/www.beiliton.com\/wp-content\/uploads\/2025\/02\/2-15-600x600.jpg 600w, https:\/\/www.beiliton.com\/wp-content\/uploads\/2025\/02\/2-15-100x100.jpg 100w\" sizes=\"auto, (max-width: 750px) 100vw, 750px\" \/> <img loading=\"lazy\" decoding=\"async\" class=\"alignnone wp-image-2739\" src=\"https:\/\/beiliton.com\/wp-content\/uploads\/2025\/02\/3-13.jpg\" alt=\"\" width=\"750\" height=\"750\" srcset=\"https:\/\/www.beiliton.com\/wp-content\/uploads\/2025\/02\/3-13.jpg 1000w, https:\/\/www.beiliton.com\/wp-content\/uploads\/2025\/02\/3-13-300x300.jpg 300w, https:\/\/www.beiliton.com\/wp-content\/uploads\/2025\/02\/3-13-150x150.jpg 150w, https:\/\/www.beiliton.com\/wp-content\/uploads\/2025\/02\/3-13-768x768.jpg 768w, https:\/\/www.beiliton.com\/wp-content\/uploads\/2025\/02\/3-13-12x12.jpg 12w, https:\/\/www.beiliton.com\/wp-content\/uploads\/2025\/02\/3-13-600x600.jpg 600w, https:\/\/www.beiliton.com\/wp-content\/uploads\/2025\/02\/3-13-100x100.jpg 100w\" sizes=\"auto, (max-width: 750px) 100vw, 750px\" \/> <img loading=\"lazy\" decoding=\"async\" class=\"alignnone wp-image-2740\" src=\"https:\/\/beiliton.com\/wp-content\/uploads\/2025\/02\/4-13.jpg\" alt=\"\" width=\"750\" height=\"750\" srcset=\"https:\/\/www.beiliton.com\/wp-content\/uploads\/2025\/02\/4-13.jpg 1000w, https:\/\/www.beiliton.com\/wp-content\/uploads\/2025\/02\/4-13-300x300.jpg 300w, https:\/\/www.beiliton.com\/wp-content\/uploads\/2025\/02\/4-13-150x150.jpg 150w, https:\/\/www.beiliton.com\/wp-content\/uploads\/2025\/02\/4-13-768x768.jpg 768w, https:\/\/www.beiliton.com\/wp-content\/uploads\/2025\/02\/4-13-12x12.jpg 12w, https:\/\/www.beiliton.com\/wp-content\/uploads\/2025\/02\/4-13-600x600.jpg 600w, https:\/\/www.beiliton.com\/wp-content\/uploads\/2025\/02\/4-13-100x100.jpg 100w\" sizes=\"auto, (max-width: 750px) 100vw, 750px\" \/> <img loading=\"lazy\" decoding=\"async\" class=\"alignnone wp-image-2741\" src=\"https:\/\/beiliton.com\/wp-content\/uploads\/2025\/02\/5-11.jpg\" alt=\"\" width=\"750\" height=\"750\" srcset=\"https:\/\/www.beiliton.com\/wp-content\/uploads\/2025\/02\/5-11.jpg 1000w, https:\/\/www.beiliton.com\/wp-content\/uploads\/2025\/02\/5-11-300x300.jpg 300w, https:\/\/www.beiliton.com\/wp-content\/uploads\/2025\/02\/5-11-150x150.jpg 150w, https:\/\/www.beiliton.com\/wp-content\/uploads\/2025\/02\/5-11-768x768.jpg 768w, https:\/\/www.beiliton.com\/wp-content\/uploads\/2025\/02\/5-11-12x12.jpg 12w, https:\/\/www.beiliton.com\/wp-content\/uploads\/2025\/02\/5-11-600x600.jpg 600w, https:\/\/www.beiliton.com\/wp-content\/uploads\/2025\/02\/5-11-100x100.jpg 100w\" sizes=\"auto, (max-width: 750px) 100vw, 750px\" \/> <img loading=\"lazy\" decoding=\"async\" class=\"alignnone wp-image-2742\" src=\"https:\/\/beiliton.com\/wp-content\/uploads\/2025\/02\/6-6.jpg\" alt=\"\" width=\"750\" height=\"750\" srcset=\"https:\/\/www.beiliton.com\/wp-content\/uploads\/2025\/02\/6-6.jpg 1000w, https:\/\/www.beiliton.com\/wp-content\/uploads\/2025\/02\/6-6-300x300.jpg 300w, https:\/\/www.beiliton.com\/wp-content\/uploads\/2025\/02\/6-6-150x150.jpg 150w, https:\/\/www.beiliton.com\/wp-content\/uploads\/2025\/02\/6-6-768x768.jpg 768w, https:\/\/www.beiliton.com\/wp-content\/uploads\/2025\/02\/6-6-12x12.jpg 12w, https:\/\/www.beiliton.com\/wp-content\/uploads\/2025\/02\/6-6-600x600.jpg 600w, https:\/\/www.beiliton.com\/wp-content\/uploads\/2025\/02\/6-6-100x100.jpg 100w\" sizes=\"auto, (max-width: 750px) 100vw, 750px\" \/> <img loading=\"lazy\" decoding=\"async\" class=\"alignnone wp-image-2743\" src=\"https:\/\/beiliton.com\/wp-content\/uploads\/2025\/02\/7-3.jpg\" alt=\"\" width=\"750\" height=\"750\" srcset=\"https:\/\/www.beiliton.com\/wp-content\/uploads\/2025\/02\/7-3.jpg 1000w, https:\/\/www.beiliton.com\/wp-content\/uploads\/2025\/02\/7-3-300x300.jpg 300w, https:\/\/www.beiliton.com\/wp-content\/uploads\/2025\/02\/7-3-150x150.jpg 150w, https:\/\/www.beiliton.com\/wp-content\/uploads\/2025\/02\/7-3-768x768.jpg 768w, https:\/\/www.beiliton.com\/wp-content\/uploads\/2025\/02\/7-3-12x12.jpg 12w, https:\/\/www.beiliton.com\/wp-content\/uploads\/2025\/02\/7-3-600x600.jpg 600w, https:\/\/www.beiliton.com\/wp-content\/uploads\/2025\/02\/7-3-100x100.jpg 100w\" sizes=\"auto, (max-width: 750px) 100vw, 750px\" \/><\/p>\n<p>&nbsp;<\/p>\n<p>&nbsp;<\/p>","protected":false},"excerpt":{"rendered":"<p>Offering custom equipment packages for your bubble tea shop. Simply provide your shop dimensions, and we\u2019ll create a tailored equipment plan to maximize space and efficiency. From brewing machines to refrigeration and display units, we ensure you have everything you need for smooth operations and a high-quality customer experience &nbsp; &nbsp;<\/p>","protected":false},"featured_media":2720,"template":"","meta":{"site-sidebar-layout":"default","site-content-layout":"default","ast-global-header-display":"","ast-main-header-display":"","ast-hfb-above-header-display":"","ast-hfb-below-header-display":"","ast-hfb-mobile-header-display":"","site-post-title":"","ast-breadcrumbs-content":"","ast-featured-img":"","footer-sml-layout":"","theme-transparent-header-meta":"default","adv-header-id-meta":"","stick-header-meta":"","header-above-stick-meta":"","header-main-stick-meta":"","header-below-stick-meta":""},"product_cat":[75],"product_tag":[],"class_list":["post-2718","product","type-product","status-publish","has-post-thumbnail","hentry","product_cat-bubble-tea-bar-counter","desktop-align-left","tablet-align-left","mobile-align-left","ast-product-gallery-layout-vertical","ast-product-tabs-layout-horizontal","ast-qv-on-image"],"_links":{"self":[{"href":"https:\/\/www.beiliton.com\/tr\/wp-json\/wp\/v2\/product\/2718","targetHints":{"allow":["GET"]}}],"collection":[{"href":"https:\/\/www.beiliton.com\/tr\/wp-json\/wp\/v2\/product"}],"about":[{"href":"https:\/\/www.beiliton.com\/tr\/wp-json\/wp\/v2\/types\/product"}],"wp:featuredmedia":[{"embeddable":true,"href":"https:\/\/www.beiliton.com\/tr\/wp-json\/wp\/v2\/media\/2720"}],"wp:attachment":[{"href":"https:\/\/www.beiliton.com\/tr\/wp-json\/wp\/v2\/media?parent=2718"}],"wp:term":[{"taxonomy":"product_cat","embeddable":true,"href":"https:\/\/www.beiliton.com\/tr\/wp-json\/wp\/v2\/product_cat?post=2718"},{"taxonomy":"product_tag","embeddable":true,"href":"https:\/\/www.beiliton.com\/tr\/wp-json\/wp\/v2\/product_tag?post=2718"}],"curies":[{"name":"wp","href":"https:\/\/api.w.org\/{rel}","templated":true}]}}