{"id":1313,"date":"2025-02-17T14:27:15","date_gmt":"2025-02-17T06:27:15","guid":{"rendered":"http:\/\/beiliton.com\/?post_type=product&#038;p=1313"},"modified":"2025-03-01T14:45:45","modified_gmt":"2025-03-01T06:45:45","slug":"fully-automatic-intelligent-bubbletea-machine","status":"publish","type":"product","link":"https:\/\/www.beiliton.com\/pt\/product\/fully-automatic-intelligent-bubbletea-machine\/","title":{"rendered":"M\u00e1quina de ch\u00e1 de bolhas inteligente totalmente autom\u00e1tica"},"content":{"rendered":"<p>Carater\u00edsticas:<br \/>\nM\u00e1quina de ch\u00e1 com leite inteligente totalmente autom\u00e1tica - eficiente, inteligente e est\u00e1vel<\/p>\n<p>*A m\u00e1quina de ch\u00e1 com leite inteligente totalmente autom\u00e1tica torna a prepara\u00e7\u00e3o do ch\u00e1 com leite mais simples e eficiente. Atrav\u00e9s do sistema inteligente, o teor de a\u00e7\u00facar, a base de ch\u00e1, o creme e os ingredientes s\u00e3o ajustados com precis\u00e3o, e cada ch\u00e1vena de ch\u00e1 com leite pode manter uma qualidade elevada consistente.<\/p>\n<p>*A opera\u00e7\u00e3o com um s\u00f3 clique poupa tempo e esfor\u00e7o<br \/>\nN\u00e3o \u00e9 necess\u00e1ria nenhuma opera\u00e7\u00e3o complicada, e a m\u00e1quina de ch\u00e1 com leite completa automaticamente todas as etapas de produ\u00e7\u00e3o, melhorando consideravelmente a efici\u00eancia da loja.<\/p>\n<p>*Servir rapidamente a ch\u00e1vena e melhorar a experi\u00eancia<br \/>\nQuer se trate de horas de ponta ou de \u00e9pocas de grande movimento, a m\u00e1quina de ch\u00e1 com leite pode ser rapidamente ajustada, reduzindo o tempo de espera do cliente e melhorando a sua satisfa\u00e7\u00e3o.<\/p>\n<p>*Qualidade est\u00e1vel e aumento da competitividade da marca<br \/>\nCada ch\u00e1vena de ch\u00e1 com leite pode ser ajustada de forma est\u00e1vel, ajudando a sua marca a estabelecer uma reputa\u00e7\u00e3o no mercado e a atrair clientes repetidos.<\/p>\n<p>*Poupar custos de m\u00e3o de obra e aumentar os lucros<br \/>\nReduzem a depend\u00eancia da m\u00e3o de obra, melhoram a efici\u00eancia da produ\u00e7\u00e3o, ajudam-no a reduzir os custos e a aumentar as margens de lucro.<\/p>\n<p>Escolha uma m\u00e1quina de ch\u00e1 com leite inteligente totalmente autom\u00e1tica para tornar a sua loja mais eficiente, inteligente e l\u00edder de mercado!<\/p>\n<p><img loading=\"lazy\" decoding=\"async\" class=\"alignnone size-full wp-image-1315\" src=\"http:\/\/beiliton.com\/wp-content\/uploads\/2025\/02\/Intelligent-BubbleTea-Machine-1.jpg\" alt=\"\" width=\"750\" height=\"1073\" srcset=\"https:\/\/www.beiliton.com\/wp-content\/uploads\/2025\/02\/Intelligent-BubbleTea-Machine-1.jpg 750w, https:\/\/www.beiliton.com\/wp-content\/uploads\/2025\/02\/Intelligent-BubbleTea-Machine-1-210x300.jpg 210w, https:\/\/www.beiliton.com\/wp-content\/uploads\/2025\/02\/Intelligent-BubbleTea-Machine-1-716x1024.jpg 716w, https:\/\/www.beiliton.com\/wp-content\/uploads\/2025\/02\/Intelligent-BubbleTea-Machine-1-600x858.jpg 600w\" sizes=\"auto, (max-width: 750px) 100vw, 750px\" \/> <img loading=\"lazy\" decoding=\"async\" class=\"alignnone size-full wp-image-1316\" src=\"http:\/\/beiliton.com\/wp-content\/uploads\/2025\/02\/Intelligent-BubbleTea-Machine-2.jpg\" alt=\"\" width=\"750\" height=\"750\" srcset=\"https:\/\/www.beiliton.com\/wp-content\/uploads\/2025\/02\/Intelligent-BubbleTea-Machine-2.jpg 750w, https:\/\/www.beiliton.com\/wp-content\/uploads\/2025\/02\/Intelligent-BubbleTea-Machine-2-300x300.jpg 300w, https:\/\/www.beiliton.com\/wp-content\/uploads\/2025\/02\/Intelligent-BubbleTea-Machine-2-150x150.jpg 150w, https:\/\/www.beiliton.com\/wp-content\/uploads\/2025\/02\/Intelligent-BubbleTea-Machine-2-600x600.jpg 600w, https:\/\/www.beiliton.com\/wp-content\/uploads\/2025\/02\/Intelligent-BubbleTea-Machine-2-100x100.jpg 100w\" sizes=\"auto, (max-width: 750px) 100vw, 750px\" \/> <img loading=\"lazy\" decoding=\"async\" class=\"alignnone size-full wp-image-1317\" src=\"http:\/\/beiliton.com\/wp-content\/uploads\/2025\/02\/Intelligent-BubbleTea-Machine-3.jpg\" alt=\"\" width=\"750\" height=\"793\" srcset=\"https:\/\/www.beiliton.com\/wp-content\/uploads\/2025\/02\/Intelligent-BubbleTea-Machine-3.jpg 750w, https:\/\/www.beiliton.com\/wp-content\/uploads\/2025\/02\/Intelligent-BubbleTea-Machine-3-284x300.jpg 284w, https:\/\/www.beiliton.com\/wp-content\/uploads\/2025\/02\/Intelligent-BubbleTea-Machine-3-600x634.jpg 600w\" sizes=\"auto, (max-width: 750px) 100vw, 750px\" \/> <img loading=\"lazy\" decoding=\"async\" class=\"alignnone size-full wp-image-1318\" src=\"http:\/\/beiliton.com\/wp-content\/uploads\/2025\/02\/Intelligent-BubbleTea-Machine-4.jpg\" alt=\"\" width=\"750\" height=\"785\" srcset=\"https:\/\/www.beiliton.com\/wp-content\/uploads\/2025\/02\/Intelligent-BubbleTea-Machine-4.jpg 750w, https:\/\/www.beiliton.com\/wp-content\/uploads\/2025\/02\/Intelligent-BubbleTea-Machine-4-287x300.jpg 287w, https:\/\/www.beiliton.com\/wp-content\/uploads\/2025\/02\/Intelligent-BubbleTea-Machine-4-600x628.jpg 600w\" sizes=\"auto, (max-width: 750px) 100vw, 750px\" \/><\/p>","protected":false},"excerpt":{"rendered":"<p>Features: Fully automatic intelligent milk tea machine &#8211; efficient, intelligent and stable *Fully automatic intelligent milk tea machine makes milk tea making simpler and more efficient. Through the intelligent system, the sugar content, tea base, creamer and ingredients are accurately adjusted, and each cup of milk tea can maintain consistent high quality. *One-click operation saves &hellip;<\/p>\n<p class=\"read-more\"> <a class=\"\" href=\"https:\/\/www.beiliton.com\/pt\/product\/fully-automatic-intelligent-bubbletea-machine\/\"> <span class=\"screen-reader-text\">M\u00e1quina de ch\u00e1 de bolhas inteligente totalmente autom\u00e1tica<\/span> Ler mais \"<\/a><\/p>","protected":false},"featured_media":1314,"template":"","meta":{"site-sidebar-layout":"default","site-content-layout":"default","ast-global-header-display":"","ast-main-header-display":"","ast-hfb-above-header-display":"","ast-hfb-below-header-display":"","ast-hfb-mobile-header-display":"","site-post-title":"","ast-breadcrumbs-content":"","ast-featured-img":"","footer-sml-layout":"","theme-transparent-header-meta":"default","adv-header-id-meta":"","stick-header-meta":"","header-above-stick-meta":"","header-main-stick-meta":"","header-below-stick-meta":""},"product_cat":[74],"product_tag":[],"class_list":["post-1313","product","type-product","status-publish","has-post-thumbnail","hentry","product_cat-automatic-bubble-tea-machine","desktop-align-left","tablet-align-left","mobile-align-left","ast-product-gallery-layout-vertical","ast-product-tabs-layout-horizontal","ast-qv-on-image"],"_links":{"self":[{"href":"https:\/\/www.beiliton.com\/pt\/wp-json\/wp\/v2\/product\/1313","targetHints":{"allow":["GET"]}}],"collection":[{"href":"https:\/\/www.beiliton.com\/pt\/wp-json\/wp\/v2\/product"}],"about":[{"href":"https:\/\/www.beiliton.com\/pt\/wp-json\/wp\/v2\/types\/product"}],"wp:featuredmedia":[{"embeddable":true,"href":"https:\/\/www.beiliton.com\/pt\/wp-json\/wp\/v2\/media\/1314"}],"wp:attachment":[{"href":"https:\/\/www.beiliton.com\/pt\/wp-json\/wp\/v2\/media?parent=1313"}],"wp:term":[{"taxonomy":"product_cat","embeddable":true,"href":"https:\/\/www.beiliton.com\/pt\/wp-json\/wp\/v2\/product_cat?post=1313"},{"taxonomy":"product_tag","embeddable":true,"href":"https:\/\/www.beiliton.com\/pt\/wp-json\/wp\/v2\/product_tag?post=1313"}],"curies":[{"name":"wp","href":"https:\/\/api.w.org\/{rel}","templated":true}]}}