{"id":1319,"date":"2025-02-17T14:28:48","date_gmt":"2025-02-17T06:28:48","guid":{"rendered":"http:\/\/beiliton.com\/?post_type=product&#038;p=1319"},"modified":"2025-02-21T13:44:11","modified_gmt":"2025-02-21T05:44:11","slug":"cup-sealing-machine","status":"publish","type":"product","link":"https:\/\/www.beiliton.com\/it\/product\/cup-sealing-machine\/","title":{"rendered":"Macchina sigillatrice di tazze"},"content":{"rendered":"<p>* COMPLETAMENTE AUTOMATICO:<br \/>\nDopo aver posizionato la tazza, la macchina sigillatrice alimenta automaticamente la tazza, arrotola automaticamente il film, sigilla automaticamente la tazza, espelle automaticamente e porta via direttamente la tazza. La macchina sigillatrice di tazze \u00e8 dotata anche di un conteggio automatico, che consente di verificare il numero di tazze sigillate ogni giorno. Velocit\u00e0 di sigillatura delle tazze, soluzione completamente automatica per il negozio di t\u00e8 al latte con meno personale, ordini a raffica e perdita di clienti.<\/p>\n<p>* COPPE DA 90 O 95 MM:<br \/>\nLa sigillatrice per bicchieri \u00e8 universale per carta e plastica. I bicchieri di plastica possono essere sigillati con diversi materiali: PE, PP, PC, e possono essere sigillati calibri da 90 o 95 mm e altezze da 9 a 19 cm. La macchina sigillatrice di tazze fornisce anelli di raccordo da 290 mm.<\/p>\n<p>* GESTIONE DELLE CIRCOSTANZE SPECIALI:<br \/>\nAnche la bocca bagnata pu\u00f2 essere sigillata e la velocit\u00e0 della sigillatrice pu\u00f2 essere impostata manualmente. Se la tazza non \u00e8 sigillata in una sola volta, pu\u00f2 essere rattoppata manualmente. L'ago per lo schiaffo della bevanda calda \u00e8 libero, si pu\u00f2 toccare una piccola presa d'aria sulla pellicola della bevanda calda.<\/p>\n<p>* SIGILLARE LA TAZZA SENZA CHE SI VERIFICHINO PERDITE:<br \/>\nImpostazione precisa della temperatura, 24 ore su 24 senza interruzioni, 500-600 tazze all'ora. La \"macchina all-in-one a doppia modalit\u00e0\" si attiva manualmente e automaticamente con un solo tasto per far fronte ai diversi flussi di passeggeri quando si utilizza la sigillatrice per tazze.<\/p>\n<p>* GUIDA TECNICA PER TUTTO IL TEMPO:<br \/>\nLa macchina sigillatrice per tazze ha coperto tutti i componenti necessari. Se avete bisogno di video sul funzionamento e sulla risoluzione dei problemi, nonch\u00e9 di materiali di consumo e accessori e di problemi con le attrezzature da bar, non esitate a contattarci.<\/p>\n<p><img loading=\"lazy\" decoding=\"async\" class=\"alignnone size-full wp-image-1322\" src=\"http:\/\/beiliton.com\/wp-content\/uploads\/2025\/02\/plastic-Cup-Sealing-Machine-1.png\" alt=\"\" width=\"790\" height=\"909\" srcset=\"https:\/\/www.beiliton.com\/wp-content\/uploads\/2025\/02\/plastic-Cup-Sealing-Machine-1.png 790w, https:\/\/www.beiliton.com\/wp-content\/uploads\/2025\/02\/plastic-Cup-Sealing-Machine-1-261x300.png 261w, https:\/\/www.beiliton.com\/wp-content\/uploads\/2025\/02\/plastic-Cup-Sealing-Machine-1-768x884.png 768w, https:\/\/www.beiliton.com\/wp-content\/uploads\/2025\/02\/plastic-Cup-Sealing-Machine-1-600x690.png 600w\" sizes=\"auto, (max-width: 790px) 100vw, 790px\" \/> <img loading=\"lazy\" decoding=\"async\" class=\"alignnone size-full wp-image-1323\" src=\"http:\/\/beiliton.com\/wp-content\/uploads\/2025\/02\/plastic-Cup-Sealing-Machine-2.png\" alt=\"\" width=\"790\" height=\"1213\" srcset=\"https:\/\/www.beiliton.com\/wp-content\/uploads\/2025\/02\/plastic-Cup-Sealing-Machine-2.png 790w, https:\/\/www.beiliton.com\/wp-content\/uploads\/2025\/02\/plastic-Cup-Sealing-Machine-2-195x300.png 195w, https:\/\/www.beiliton.com\/wp-content\/uploads\/2025\/02\/plastic-Cup-Sealing-Machine-2-667x1024.png 667w, https:\/\/www.beiliton.com\/wp-content\/uploads\/2025\/02\/plastic-Cup-Sealing-Machine-2-768x1179.png 768w, https:\/\/www.beiliton.com\/wp-content\/uploads\/2025\/02\/plastic-Cup-Sealing-Machine-2-600x921.png 600w\" sizes=\"auto, (max-width: 790px) 100vw, 790px\" \/> <img loading=\"lazy\" decoding=\"async\" class=\"alignnone size-full wp-image-1324\" src=\"http:\/\/beiliton.com\/wp-content\/uploads\/2025\/02\/plastic-Cup-Sealing-Machine-3.png\" alt=\"\" width=\"790\" height=\"590\" srcset=\"https:\/\/www.beiliton.com\/wp-content\/uploads\/2025\/02\/plastic-Cup-Sealing-Machine-3.png 790w, https:\/\/www.beiliton.com\/wp-content\/uploads\/2025\/02\/plastic-Cup-Sealing-Machine-3-300x224.png 300w, https:\/\/www.beiliton.com\/wp-content\/uploads\/2025\/02\/plastic-Cup-Sealing-Machine-3-768x574.png 768w, https:\/\/www.beiliton.com\/wp-content\/uploads\/2025\/02\/plastic-Cup-Sealing-Machine-3-600x448.png 600w\" sizes=\"auto, (max-width: 790px) 100vw, 790px\" \/> <img loading=\"lazy\" decoding=\"async\" class=\"alignnone size-full wp-image-1325\" src=\"http:\/\/beiliton.com\/wp-content\/uploads\/2025\/02\/plastic-Cup-Sealing-Machine-4.png\" alt=\"\" width=\"790\" height=\"754\" srcset=\"https:\/\/www.beiliton.com\/wp-content\/uploads\/2025\/02\/plastic-Cup-Sealing-Machine-4.png 790w, https:\/\/www.beiliton.com\/wp-content\/uploads\/2025\/02\/plastic-Cup-Sealing-Machine-4-300x286.png 300w, https:\/\/www.beiliton.com\/wp-content\/uploads\/2025\/02\/plastic-Cup-Sealing-Machine-4-768x733.png 768w, https:\/\/www.beiliton.com\/wp-content\/uploads\/2025\/02\/plastic-Cup-Sealing-Machine-4-600x573.png 600w\" sizes=\"auto, (max-width: 790px) 100vw, 790px\" \/><\/p>","protected":false},"excerpt":{"rendered":"<p>* FULL AUTOMATIC: After placing the cup, the cup sealing machine automatically feeds the cup, automatically rolls the film, automatically seals the cup, automatically ejects, and takes it away directly. The cup sealer machine also has an automatic count, you can check how many cups are sealed each day. Fast cup sealing speed, fully automatic &hellip;<\/p>\n<p class=\"read-more\"> <a class=\"\" href=\"https:\/\/www.beiliton.com\/it\/product\/cup-sealing-machine\/\"> <span class=\"screen-reader-text\">Macchina sigillatrice di tazze<\/span> Leggi tutto \"<\/a><\/p>","protected":false},"featured_media":1321,"template":"","meta":{"site-sidebar-layout":"default","site-content-layout":"default","ast-global-header-display":"","ast-main-header-display":"","ast-hfb-above-header-display":"","ast-hfb-below-header-display":"","ast-hfb-mobile-header-display":"","site-post-title":"","ast-breadcrumbs-content":"","ast-featured-img":"","footer-sml-layout":"","theme-transparent-header-meta":"default","adv-header-id-meta":"","stick-header-meta":"","header-above-stick-meta":"","header-main-stick-meta":"","header-below-stick-meta":""},"product_cat":[72],"product_tag":[],"class_list":["post-1319","product","type-product","status-publish","has-post-thumbnail","hentry","product_cat-sealing-machine","desktop-align-left","tablet-align-left","mobile-align-left","ast-product-gallery-layout-vertical","ast-product-gallery-with-no-image","ast-product-tabs-layout-horizontal","ast-qv-on-image"],"_links":{"self":[{"href":"https:\/\/www.beiliton.com\/it\/wp-json\/wp\/v2\/product\/1319","targetHints":{"allow":["GET"]}}],"collection":[{"href":"https:\/\/www.beiliton.com\/it\/wp-json\/wp\/v2\/product"}],"about":[{"href":"https:\/\/www.beiliton.com\/it\/wp-json\/wp\/v2\/types\/product"}],"wp:featuredmedia":[{"embeddable":true,"href":"https:\/\/www.beiliton.com\/it\/wp-json\/wp\/v2\/media\/1321"}],"wp:attachment":[{"href":"https:\/\/www.beiliton.com\/it\/wp-json\/wp\/v2\/media?parent=1319"}],"wp:term":[{"taxonomy":"product_cat","embeddable":true,"href":"https:\/\/www.beiliton.com\/it\/wp-json\/wp\/v2\/product_cat?post=1319"},{"taxonomy":"product_tag","embeddable":true,"href":"https:\/\/www.beiliton.com\/it\/wp-json\/wp\/v2\/product_tag?post=1319"}],"curies":[{"name":"wp","href":"https:\/\/api.w.org\/{rel}","templated":true}]}}