{"id":1992,"date":"2025-02-21T15:54:02","date_gmt":"2025-02-21T07:54:02","guid":{"rendered":"http:\/\/beiliton.com\/?post_type=product&#038;p=1992"},"modified":"2025-02-21T15:54:02","modified_gmt":"2025-02-21T07:54:02","slug":"bubble-tea-shaker-machine","status":"publish","type":"product","link":"https:\/\/www.beiliton.com\/fr\/product\/bubble-tea-shaker-machine\/","title":{"rendered":"Machine \u00e0 agiter le th\u00e9 \u00e0 bulles"},"content":{"rendered":"<p><img loading=\"lazy\" decoding=\"async\" class=\"alignnone size-full wp-image-1997\" src=\"http:\/\/beiliton.com\/wp-content\/uploads\/2025\/02\/1740124324969-1.png\" alt=\"\" width=\"750\" height=\"970\" srcset=\"https:\/\/www.beiliton.com\/wp-content\/uploads\/2025\/02\/1740124324969-1.png 750w, https:\/\/www.beiliton.com\/wp-content\/uploads\/2025\/02\/1740124324969-1-232x300.png 232w, https:\/\/www.beiliton.com\/wp-content\/uploads\/2025\/02\/1740124324969-1-600x776.png 600w\" sizes=\"auto, (max-width: 750px) 100vw, 750px\" \/> <img loading=\"lazy\" decoding=\"async\" class=\"alignnone size-full wp-image-1998\" src=\"http:\/\/beiliton.com\/wp-content\/uploads\/2025\/02\/1740124332204-1.png\" alt=\"\" width=\"750\" height=\"750\" srcset=\"https:\/\/www.beiliton.com\/wp-content\/uploads\/2025\/02\/1740124332204-1.png 750w, https:\/\/www.beiliton.com\/wp-content\/uploads\/2025\/02\/1740124332204-1-300x300.png 300w, https:\/\/www.beiliton.com\/wp-content\/uploads\/2025\/02\/1740124332204-1-150x150.png 150w, https:\/\/www.beiliton.com\/wp-content\/uploads\/2025\/02\/1740124332204-1-600x600.png 600w, https:\/\/www.beiliton.com\/wp-content\/uploads\/2025\/02\/1740124332204-1-100x100.png 100w\" sizes=\"auto, (max-width: 750px) 100vw, 750px\" \/> <img loading=\"lazy\" decoding=\"async\" class=\"alignnone size-full wp-image-1999\" src=\"http:\/\/beiliton.com\/wp-content\/uploads\/2025\/02\/1740124338267-1.png\" alt=\"\" width=\"750\" height=\"944\" srcset=\"https:\/\/www.beiliton.com\/wp-content\/uploads\/2025\/02\/1740124338267-1.png 750w, https:\/\/www.beiliton.com\/wp-content\/uploads\/2025\/02\/1740124338267-1-238x300.png 238w, https:\/\/www.beiliton.com\/wp-content\/uploads\/2025\/02\/1740124338267-1-600x755.png 600w\" sizes=\"auto, (max-width: 750px) 100vw, 750px\" \/><\/p>","protected":false},"excerpt":{"rendered":"","protected":false},"featured_media":1993,"template":"","meta":{"site-sidebar-layout":"default","site-content-layout":"default","ast-global-header-display":"","ast-main-header-display":"","ast-hfb-above-header-display":"","ast-hfb-below-header-display":"","ast-hfb-mobile-header-display":"","site-post-title":"","ast-breadcrumbs-content":"","ast-featured-img":"","footer-sml-layout":"","theme-transparent-header-meta":"default","adv-header-id-meta":"","stick-header-meta":"","header-above-stick-meta":"","header-main-stick-meta":"","header-below-stick-meta":""},"product_cat":[58],"product_tag":[],"class_list":["post-1992","product","type-product","status-publish","has-post-thumbnail","hentry","product_cat-shaker-machine","desktop-align-left","tablet-align-left","mobile-align-left","ast-product-gallery-layout-vertical","ast-product-gallery-with-no-image","ast-product-tabs-layout-horizontal","ast-qv-on-image"],"_links":{"self":[{"href":"https:\/\/www.beiliton.com\/fr\/wp-json\/wp\/v2\/product\/1992","targetHints":{"allow":["GET"]}}],"collection":[{"href":"https:\/\/www.beiliton.com\/fr\/wp-json\/wp\/v2\/product"}],"about":[{"href":"https:\/\/www.beiliton.com\/fr\/wp-json\/wp\/v2\/types\/product"}],"wp:featuredmedia":[{"embeddable":true,"href":"https:\/\/www.beiliton.com\/fr\/wp-json\/wp\/v2\/media\/1993"}],"wp:attachment":[{"href":"https:\/\/www.beiliton.com\/fr\/wp-json\/wp\/v2\/media?parent=1992"}],"wp:term":[{"taxonomy":"product_cat","embeddable":true,"href":"https:\/\/www.beiliton.com\/fr\/wp-json\/wp\/v2\/product_cat?post=1992"},{"taxonomy":"product_tag","embeddable":true,"href":"https:\/\/www.beiliton.com\/fr\/wp-json\/wp\/v2\/product_tag?post=1992"}],"curies":[{"name":"wp","href":"https:\/\/api.w.org\/{rel}","templated":true}]}}