{"id":1326,"date":"2025-02-17T14:30:14","date_gmt":"2025-02-17T06:30:14","guid":{"rendered":"http:\/\/beiliton.com\/?post_type=product&#038;p=1326"},"modified":"2025-02-21T13:42:33","modified_gmt":"2025-02-21T05:42:33","slug":"ice-maker-machine","status":"publish","type":"product","link":"https:\/\/www.beiliton.com\/fr\/product\/ice-maker-machine\/","title":{"rendered":"Machine \u00e0 gla\u00e7ons"},"content":{"rendered":"<p>A propos de cet article :<\/p>\n<p>- Grande capacit\u00e9 de production de glace :<br \/>\nElle peut r\u00e9pondre \u00e0 la demande importante de glace des \u00e9tablissements commerciaux tels que les salons de th\u00e9 au lait, les bars et les restaurants. En g\u00e9n\u00e9ral, la capacit\u00e9 de production de glace est comprise entre 160 et 1000 kg par 24 heures.<\/p>\n<p>- Grande capacit\u00e9 de stockage de glace :<br \/>\nLa capacit\u00e9 de stockage de glace du seau \u00e0 glace est approximativement comprise entre 150 et 470 kg, ce qui permet de r\u00e9duire les probl\u00e8mes li\u00e9s \u00e0 la production fr\u00e9quente de glace.<\/p>\n<p>- Installation flexible :<br \/>\nLe compresseur et le seau \u00e0 glace peuvent \u00eatre plac\u00e9s de mani\u00e8re flexible en fonction des conditions du site, ce qui facilite l'installation et la maintenance.<\/p>\n<p>- Bonne dissipation de la chaleur :<br \/>\nLe compresseur \u00e9tant s\u00e9par\u00e9 du bac \u00e0 glace, l'effet de dissipation de la chaleur est meilleur que celui d'une machine \u00e0 glace int\u00e9gr\u00e9e, ce qui contribue \u00e0 am\u00e9liorer l'efficacit\u00e9 de la production de glace et la stabilit\u00e9 de l'appareil.<\/p>\n<p>Sc\u00e9narios d'application<\/p>\n<p>- \u00c9tablissements commerciaux :<br \/>\nTels que les salons de th\u00e9 au lait, les caf\u00e9s, les bars, les restaurants, les h\u00f4tels, etc. Ces lieux ont une forte demande en glace, et la machine \u00e0 gla\u00e7ons de type split peut r\u00e9pondre \u00e0 leur demande en glace pendant les heures de pointe.<\/p>\n<p>- Institutions m\u00e9dicales :<br \/>\nUtilis\u00e9e pour stocker des m\u00e9dicaments, des r\u00e9actifs et d'autres articles n\u00e9cessitant un environnement \u00e0 basse temp\u00e9rature. La grande capacit\u00e9 de stockage de glace de la machine \u00e0 gla\u00e7ons de type split permet de garantir qu'il y a suffisamment de glace pour maintenir une temp\u00e9rature basse en cas de panne de courant ou d'autres urgences.<\/p>\n<p>- Production industrielle :<br \/>\nDans certains secteurs industriels qui n\u00e9cessitent une grande quantit\u00e9 de glace pour le refroidissement, la conservation ou le traitement, tels que l'industrie alimentaire, l'industrie chimique, etc., la machine \u00e0 gla\u00e7ons de type split peut \u00e9galement jouer un r\u00f4le important.<\/p>\n<p><img loading=\"lazy\" decoding=\"async\" class=\"alignnone size-full wp-image-1328\" src=\"http:\/\/beiliton.com\/wp-content\/uploads\/2025\/02\/ice-maker-machine-1.png\" alt=\"\" width=\"750\" height=\"1409\" srcset=\"https:\/\/www.beiliton.com\/wp-content\/uploads\/2025\/02\/ice-maker-machine-1.png 750w, https:\/\/www.beiliton.com\/wp-content\/uploads\/2025\/02\/ice-maker-machine-1-160x300.png 160w, https:\/\/www.beiliton.com\/wp-content\/uploads\/2025\/02\/ice-maker-machine-1-545x1024.png 545w, https:\/\/www.beiliton.com\/wp-content\/uploads\/2025\/02\/ice-maker-machine-1-600x1127.png 600w\" sizes=\"auto, (max-width: 750px) 100vw, 750px\" \/> <img loading=\"lazy\" decoding=\"async\" class=\"alignnone size-full wp-image-1329\" src=\"http:\/\/beiliton.com\/wp-content\/uploads\/2025\/02\/ice-maker-machine-2.png\" alt=\"\" width=\"750\" height=\"1609\" srcset=\"https:\/\/www.beiliton.com\/wp-content\/uploads\/2025\/02\/ice-maker-machine-2.png 750w, https:\/\/www.beiliton.com\/wp-content\/uploads\/2025\/02\/ice-maker-machine-2-140x300.png 140w, https:\/\/www.beiliton.com\/wp-content\/uploads\/2025\/02\/ice-maker-machine-2-477x1024.png 477w, https:\/\/www.beiliton.com\/wp-content\/uploads\/2025\/02\/ice-maker-machine-2-716x1536.png 716w, https:\/\/www.beiliton.com\/wp-content\/uploads\/2025\/02\/ice-maker-machine-2-600x1287.png 600w\" sizes=\"auto, (max-width: 750px) 100vw, 750px\" \/> <img loading=\"lazy\" decoding=\"async\" class=\"alignnone size-full wp-image-1330\" src=\"http:\/\/beiliton.com\/wp-content\/uploads\/2025\/02\/ice-maker-machine-3.png\" alt=\"\" width=\"750\" height=\"2592\" srcset=\"https:\/\/www.beiliton.com\/wp-content\/uploads\/2025\/02\/ice-maker-machine-3.png 750w, https:\/\/www.beiliton.com\/wp-content\/uploads\/2025\/02\/ice-maker-machine-3-87x300.png 87w, https:\/\/www.beiliton.com\/wp-content\/uploads\/2025\/02\/ice-maker-machine-3-296x1024.png 296w, https:\/\/www.beiliton.com\/wp-content\/uploads\/2025\/02\/ice-maker-machine-3-593x2048.png 593w, https:\/\/www.beiliton.com\/wp-content\/uploads\/2025\/02\/ice-maker-machine-3-600x2074.png 600w\" sizes=\"auto, (max-width: 750px) 100vw, 750px\" \/><\/p>","protected":false},"excerpt":{"rendered":"<p>About this item: \u2022 Large Ice Production Capacity: It can meet the large ice demand of commercial establishments such as milk tea shops, bars, and restaurants. Generally, the ice production capacity is between 160 &#8211; 1000 kg per 24 hours. \u2022 Large Ice Storage Capacity: The ice storage capacity of the ice bucket is approximately &hellip;<\/p>\n<p class=\"read-more\"> <a class=\"\" href=\"https:\/\/www.beiliton.com\/fr\/product\/ice-maker-machine\/\"> <span class=\"screen-reader-text\">Machine \u00e0 gla\u00e7ons<\/span> Lire la suite \"<\/a><\/p>","protected":false},"featured_media":1327,"template":"","meta":{"site-sidebar-layout":"default","site-content-layout":"default","ast-global-header-display":"","ast-main-header-display":"","ast-hfb-above-header-display":"","ast-hfb-below-header-display":"","ast-hfb-mobile-header-display":"","site-post-title":"","ast-breadcrumbs-content":"","ast-featured-img":"","footer-sml-layout":"","theme-transparent-header-meta":"default","adv-header-id-meta":"","stick-header-meta":"","header-above-stick-meta":"","header-main-stick-meta":"","header-below-stick-meta":""},"product_cat":[71],"product_tag":[],"class_list":["post-1326","product","type-product","status-publish","has-post-thumbnail","hentry","product_cat-ice-maker-machine","desktop-align-left","tablet-align-left","mobile-align-left","ast-product-gallery-layout-vertical","ast-product-gallery-with-no-image","ast-product-tabs-layout-horizontal","ast-qv-on-image"],"_links":{"self":[{"href":"https:\/\/www.beiliton.com\/fr\/wp-json\/wp\/v2\/product\/1326","targetHints":{"allow":["GET"]}}],"collection":[{"href":"https:\/\/www.beiliton.com\/fr\/wp-json\/wp\/v2\/product"}],"about":[{"href":"https:\/\/www.beiliton.com\/fr\/wp-json\/wp\/v2\/types\/product"}],"wp:featuredmedia":[{"embeddable":true,"href":"https:\/\/www.beiliton.com\/fr\/wp-json\/wp\/v2\/media\/1327"}],"wp:attachment":[{"href":"https:\/\/www.beiliton.com\/fr\/wp-json\/wp\/v2\/media?parent=1326"}],"wp:term":[{"taxonomy":"product_cat","embeddable":true,"href":"https:\/\/www.beiliton.com\/fr\/wp-json\/wp\/v2\/product_cat?post=1326"},{"taxonomy":"product_tag","embeddable":true,"href":"https:\/\/www.beiliton.com\/fr\/wp-json\/wp\/v2\/product_tag?post=1326"}],"curies":[{"name":"wp","href":"https:\/\/api.w.org\/{rel}","templated":true}]}}