{"id":1319,"date":"2025-02-17T14:28:48","date_gmt":"2025-02-17T06:28:48","guid":{"rendered":"http:\/\/beiliton.com\/?post_type=product&#038;p=1319"},"modified":"2025-02-21T13:44:11","modified_gmt":"2025-02-21T05:44:11","slug":"cup-sealing-machine","status":"publish","type":"product","link":"https:\/\/www.beiliton.com\/de\/product\/cup-sealing-machine\/","title":{"rendered":"Becherverschlie\u00dfmaschine"},"content":{"rendered":"<p>* VOLLAUTOMATISCH:<br \/>\nNach dem Einsetzen des Bechers f\u00fchrt die Versiegelungsmaschine den Becher automatisch ein, rollt die Folie automatisch auf, versiegelt den Becher automatisch, wirft ihn automatisch aus und nimmt ihn direkt mit. Die Tassenversiegelungsmaschine hat auch eine automatische Z\u00e4hlung, Sie k\u00f6nnen \u00fcberpr\u00fcfen, wie viele Tassen jeden Tag versiegelt werden. Schnelles Versiegeln von Bechern, vollautomatische L\u00f6sung f\u00fcr Milchteeshop mit weniger Personal, geplatzten Auftr\u00e4gen und Ablehnung von Kundenverlusten.<\/p>\n<p>* 90 ODER 95 MM BECHER:<br \/>\nDie Becherverschlie\u00dfmaschine ist universell f\u00fcr Papier und Kunststoff. Kunststoffbecher k\u00f6nnen mit einer Vielzahl von Materialien versiegelt werden: PE, PP, PC, und 90 oder 95mm Kaliber und H\u00f6he von 9cm bis 19cm k\u00f6nnen versiegelt werden. Die Becherverschlie\u00dfmaschine verf\u00fcgt \u00fcber 290mm passende Ringe.<\/p>\n<p>* BEHANDLUNG BESONDERER UMST\u00c4NDE:<br \/>\nDer nasse Mund kann auch versiegelt werden, und die Geschwindigkeit der Versiegelungsmaschine kann manuell eingestellt werden. Wenn der Becher nicht auf einmal versiegelt ist, kann er manuell geflickt werden. Freies hei\u00dfes Getr\u00e4nk Slap Nadel, k\u00f6nnen Sie eine kleine \u00d6ffnung auf dem hei\u00dfen Getr\u00e4nk Film tippen.<\/p>\n<p>* DICHTEN DEN BECHER AB, OHNE AUSZULAUFEN:<br \/>\nGenaue Einstellung der Temperatur, 24 Stunden am Tag ohne Unterbrechung, 500-600 Becher k\u00f6nnen pro Stunde versiegelt werden. \"Dual mode all-in-one machine\" wird manuell und automatisch mit einer Taste umgeschaltet, um unterschiedliche Passagierstr\u00f6me bei der Verwendung der Becherversiegelungsmaschine zu bew\u00e4ltigen.<\/p>\n<p>* ALLZEITIGE TECHNISCHE BERATUNG:<br \/>\nDie Becherverschlie\u00dfmaschine hat alle notwendigen Komponenten abgedeckt. Wenn Sie Betriebsvideos und Anleitungen zur Fehlerbehebung sowie Verbrauchsmaterialien und Zubeh\u00f6r aus einer Hand ben\u00f6tigen und Probleme mit der Bar-Ausr\u00fcstung haben, k\u00f6nnen Sie uns gerne kontaktieren.<\/p>\n<p><img loading=\"lazy\" decoding=\"async\" class=\"alignnone size-full wp-image-1322\" src=\"http:\/\/beiliton.com\/wp-content\/uploads\/2025\/02\/plastic-Cup-Sealing-Machine-1.png\" alt=\"\" width=\"790\" height=\"909\" srcset=\"https:\/\/www.beiliton.com\/wp-content\/uploads\/2025\/02\/plastic-Cup-Sealing-Machine-1.png 790w, https:\/\/www.beiliton.com\/wp-content\/uploads\/2025\/02\/plastic-Cup-Sealing-Machine-1-261x300.png 261w, https:\/\/www.beiliton.com\/wp-content\/uploads\/2025\/02\/plastic-Cup-Sealing-Machine-1-768x884.png 768w, https:\/\/www.beiliton.com\/wp-content\/uploads\/2025\/02\/plastic-Cup-Sealing-Machine-1-600x690.png 600w\" sizes=\"auto, (max-width: 790px) 100vw, 790px\" \/> <img loading=\"lazy\" decoding=\"async\" class=\"alignnone size-full wp-image-1323\" src=\"http:\/\/beiliton.com\/wp-content\/uploads\/2025\/02\/plastic-Cup-Sealing-Machine-2.png\" alt=\"\" width=\"790\" height=\"1213\" srcset=\"https:\/\/www.beiliton.com\/wp-content\/uploads\/2025\/02\/plastic-Cup-Sealing-Machine-2.png 790w, https:\/\/www.beiliton.com\/wp-content\/uploads\/2025\/02\/plastic-Cup-Sealing-Machine-2-195x300.png 195w, https:\/\/www.beiliton.com\/wp-content\/uploads\/2025\/02\/plastic-Cup-Sealing-Machine-2-667x1024.png 667w, https:\/\/www.beiliton.com\/wp-content\/uploads\/2025\/02\/plastic-Cup-Sealing-Machine-2-768x1179.png 768w, https:\/\/www.beiliton.com\/wp-content\/uploads\/2025\/02\/plastic-Cup-Sealing-Machine-2-600x921.png 600w\" sizes=\"auto, (max-width: 790px) 100vw, 790px\" \/> <img loading=\"lazy\" decoding=\"async\" class=\"alignnone size-full wp-image-1324\" src=\"http:\/\/beiliton.com\/wp-content\/uploads\/2025\/02\/plastic-Cup-Sealing-Machine-3.png\" alt=\"\" width=\"790\" height=\"590\" srcset=\"https:\/\/www.beiliton.com\/wp-content\/uploads\/2025\/02\/plastic-Cup-Sealing-Machine-3.png 790w, https:\/\/www.beiliton.com\/wp-content\/uploads\/2025\/02\/plastic-Cup-Sealing-Machine-3-300x224.png 300w, https:\/\/www.beiliton.com\/wp-content\/uploads\/2025\/02\/plastic-Cup-Sealing-Machine-3-768x574.png 768w, https:\/\/www.beiliton.com\/wp-content\/uploads\/2025\/02\/plastic-Cup-Sealing-Machine-3-600x448.png 600w\" sizes=\"auto, (max-width: 790px) 100vw, 790px\" \/> <img loading=\"lazy\" decoding=\"async\" class=\"alignnone size-full wp-image-1325\" src=\"http:\/\/beiliton.com\/wp-content\/uploads\/2025\/02\/plastic-Cup-Sealing-Machine-4.png\" alt=\"\" width=\"790\" height=\"754\" srcset=\"https:\/\/www.beiliton.com\/wp-content\/uploads\/2025\/02\/plastic-Cup-Sealing-Machine-4.png 790w, https:\/\/www.beiliton.com\/wp-content\/uploads\/2025\/02\/plastic-Cup-Sealing-Machine-4-300x286.png 300w, https:\/\/www.beiliton.com\/wp-content\/uploads\/2025\/02\/plastic-Cup-Sealing-Machine-4-768x733.png 768w, https:\/\/www.beiliton.com\/wp-content\/uploads\/2025\/02\/plastic-Cup-Sealing-Machine-4-600x573.png 600w\" sizes=\"auto, (max-width: 790px) 100vw, 790px\" \/><\/p>","protected":false},"excerpt":{"rendered":"<p>* FULL AUTOMATIC: After placing the cup, the cup sealing machine automatically feeds the cup, automatically rolls the film, automatically seals the cup, automatically ejects, and takes it away directly. The cup sealer machine also has an automatic count, you can check how many cups are sealed each day. Fast cup sealing speed, fully automatic &hellip;<\/p>\n<p class=\"read-more\"> <a class=\"\" href=\"https:\/\/www.beiliton.com\/de\/product\/cup-sealing-machine\/\"> <span class=\"screen-reader-text\">Becherverschlie\u00dfmaschine<\/span> Mehr lesen \"<\/a><\/p>","protected":false},"featured_media":1321,"template":"","meta":{"site-sidebar-layout":"default","site-content-layout":"default","ast-global-header-display":"","ast-main-header-display":"","ast-hfb-above-header-display":"","ast-hfb-below-header-display":"","ast-hfb-mobile-header-display":"","site-post-title":"","ast-breadcrumbs-content":"","ast-featured-img":"","footer-sml-layout":"","theme-transparent-header-meta":"default","adv-header-id-meta":"","stick-header-meta":"","header-above-stick-meta":"","header-main-stick-meta":"","header-below-stick-meta":""},"product_cat":[72],"product_tag":[],"class_list":["post-1319","product","type-product","status-publish","has-post-thumbnail","hentry","product_cat-sealing-machine","desktop-align-left","tablet-align-left","mobile-align-left","ast-product-gallery-layout-vertical","ast-product-gallery-with-no-image","ast-product-tabs-layout-horizontal","ast-qv-on-image"],"_links":{"self":[{"href":"https:\/\/www.beiliton.com\/de\/wp-json\/wp\/v2\/product\/1319","targetHints":{"allow":["GET"]}}],"collection":[{"href":"https:\/\/www.beiliton.com\/de\/wp-json\/wp\/v2\/product"}],"about":[{"href":"https:\/\/www.beiliton.com\/de\/wp-json\/wp\/v2\/types\/product"}],"wp:featuredmedia":[{"embeddable":true,"href":"https:\/\/www.beiliton.com\/de\/wp-json\/wp\/v2\/media\/1321"}],"wp:attachment":[{"href":"https:\/\/www.beiliton.com\/de\/wp-json\/wp\/v2\/media?parent=1319"}],"wp:term":[{"taxonomy":"product_cat","embeddable":true,"href":"https:\/\/www.beiliton.com\/de\/wp-json\/wp\/v2\/product_cat?post=1319"},{"taxonomy":"product_tag","embeddable":true,"href":"https:\/\/www.beiliton.com\/de\/wp-json\/wp\/v2\/product_tag?post=1319"}],"curies":[{"name":"wp","href":"https:\/\/api.w.org\/{rel}","templated":true}]}}